{"id":217,"date":"2017-09-26T07:12:55","date_gmt":"2017-09-26T05:12:55","guid":{"rendered":"http:\/\/birgit-maria-weiss.com\/?page_id=217"},"modified":"2023-05-28T12:25:18","modified_gmt":"2023-05-28T10:25:18","slug":"werke","status":"publish","type":"page","link":"https:\/\/birgit-maria-weiss.com\/?page_id=217","title":{"rendered":"Werke"},"content":{"rendered":"<p>Meine Kunst schm\u00fcckt nicht nur Privathaushalte, sondern auch Hotels sowie Zahnarztpraxen. Ich m\u00f6chte Sie einladen, ausgiebig in meiner virtuellen Galerie zu st\u00f6bern und im sch\u00f6nsten Fall Ihr Herz an eines meiner Werke zu verlieren.<\/p>\n<p>Verschaffen Sie sich gerne einen \u00dcberblick anhand von Kategorien wie Jahrgang und Gr\u00f6\u00dfe oder lassen Sie sich durch die Bildtitel oder Schlagw\u00f6rter inspirieren.<\/p>\n<p>Ausstellungen k\u00f6nnen wir gerne gemeinsam gestalten. S\u00e4mtliche Gem\u00e4lde unter\u00a0<a href=\"http:\/\/birgit-maria-weiss.com\/?cat=7\">Kunstwerk sucht Liebhaber<\/a>\u00a0sind noch k\u00e4uflich zu erwerben (Preise auf Anfrage).<\/p>\n<p><a href=\"http:\/\/birgit-maria-weiss.com\/wp-4136c-content\/uploads\/2023\/05\/cropped-IMG_1268.jpg\"><img loading=\"lazy\" decoding=\"async\" class=\"alignnone  wp-image-924\" src=\"http:\/\/birgit-maria-weiss.com\/wp-4136c-content\/uploads\/2023\/05\/cropped-IMG_1268-300x300.jpg\" alt=\"\" width=\"117\" height=\"117\" srcset=\"https:\/\/birgit-maria-weiss.com\/wp-4136c-content\/uploads\/2023\/05\/cropped-IMG_1268-300x300.jpg 300w, https:\/\/birgit-maria-weiss.com\/wp-4136c-content\/uploads\/2023\/05\/cropped-IMG_1268-150x150.jpg 150w, https:\/\/birgit-maria-weiss.com\/wp-4136c-content\/uploads\/2023\/05\/cropped-IMG_1268-270x270.jpg 270w, https:\/\/birgit-maria-weiss.com\/wp-4136c-content\/uploads\/2023\/05\/cropped-IMG_1268-192x192.jpg 192w, https:\/\/birgit-maria-weiss.com\/wp-4136c-content\/uploads\/2023\/05\/cropped-IMG_1268-180x180.jpg 180w, https:\/\/birgit-maria-weiss.com\/wp-4136c-content\/uploads\/2023\/05\/cropped-IMG_1268-32x32.jpg 32w, https:\/\/birgit-maria-weiss.com\/wp-4136c-content\/uploads\/2023\/05\/cropped-IMG_1268.jpg 512w\" sizes=\"auto, (max-width: 117px) 100vw, 117px\" \/><\/a><\/p>\n<p>\u00a0<\/p>\n\n\n<p><\/p>\n","protected":false},"excerpt":{"rendered":"<p>Meine Kunst schm\u00fcckt nicht nur Privathaushalte, sondern auch Hotels sowie Zahnarztpraxen. Ich m\u00f6chte Sie einladen, ausgiebig in meiner virtuellen Galerie zu st\u00f6bern und im sch\u00f6nsten Fall Ihr Herz an eines meiner Werke zu verlieren. Verschaffen Sie sich gerne einen \u00dcberblick anhand von Kategorien wie Jahrgang und Gr\u00f6\u00dfe oder lassen Sie sich durch die Bildtitel oder [&hellip;]<\/p>\n","protected":false},"author":1,"featured_media":0,"parent":0,"menu_order":0,"comment_status":"closed","ping_status":"closed","template":"","meta":{"footnotes":""},"class_list":["post-217","page","type-page","status-publish","hentry"],"_links":{"self":[{"href":"https:\/\/birgit-maria-weiss.com\/index.php?rest_route=\/wp\/v2\/pages\/217","targetHints":{"allow":["GET"]}}],"collection":[{"href":"https:\/\/birgit-maria-weiss.com\/index.php?rest_route=\/wp\/v2\/pages"}],"about":[{"href":"https:\/\/birgit-maria-weiss.com\/index.php?rest_route=\/wp\/v2\/types\/page"}],"author":[{"embeddable":true,"href":"https:\/\/birgit-maria-weiss.com\/index.php?rest_route=\/wp\/v2\/users\/1"}],"replies":[{"embeddable":true,"href":"https:\/\/birgit-maria-weiss.com\/index.php?rest_route=%2Fwp%2Fv2%2Fcomments&post=217"}],"version-history":[{"count":13,"href":"https:\/\/birgit-maria-weiss.com\/index.php?rest_route=\/wp\/v2\/pages\/217\/revisions"}],"predecessor-version":[{"id":953,"href":"https:\/\/birgit-maria-weiss.com\/index.php?rest_route=\/wp\/v2\/pages\/217\/revisions\/953"}],"wp:attachment":[{"href":"https:\/\/birgit-maria-weiss.com\/index.php?rest_route=%2Fwp%2Fv2%2Fmedia&parent=217"}],"curies":[{"name":"wp","href":"https:\/\/api.w.org\/{rel}","templated":true}]}}